{"id":10149,"date":"2022-04-07T17:27:25","date_gmt":"2022-04-07T17:27:25","guid":{"rendered":"https:\/\/ljprenovation.com\/contact\/"},"modified":"2025-02-17T17:44:18","modified_gmt":"2025-02-17T17:44:18","slug":"contact","status":"publish","type":"page","link":"https:\/\/ljprenovation.com\/fr\/contact\/","title":{"rendered":"Contact"},"content":{"rendered":"\t\t<div data-elementor-type=\"wp-page\" data-elementor-id=\"10149\" class=\"elementor elementor-10149 elementor-8426\" data-elementor-post-type=\"page\">\n\t\t\t\t\t\t<section data-custom-animations=\"true\" data-ca-options=\"{&quot;addChildTimelines&quot;:false,&quot;animationTarget&quot;:&quot;:scope &gt; .elementor-container &gt; .elementor-column&quot;,&quot;ease&quot;:[&quot;power4.out&quot;],&quot;initValues&quot;:[],&quot;animations&quot;:[]}\" class=\"elementor-section elementor-top-section elementor-element elementor-element-363248a5 elementor-section-content-middle elementor-section-boxed elementor-section-height-default elementor-section-height-default\" data-id=\"363248a5\" data-element_type=\"section\" data-e-type=\"section\">\n\t\t\t\t\t\t<div class=\"elementor-container elementor-column-gap-default\">\n\t\t\t\t\t<div class=\"elementor-column elementor-col-100 elementor-top-column elementor-element elementor-element-26cd2251\" data-id=\"26cd2251\" data-element_type=\"column\" data-e-type=\"column\">\n\t\t\t<div class=\"elementor-widget-wrap elementor-element-populated\">\n\t\t\t\t\t\t<div class=\"elementor-element elementor-element-3eabbcd2 elementor-widget__width-auto elementor-widget elementor-widget-hub_fancy_heading\" data-id=\"3eabbcd2\" data-element_type=\"widget\" data-e-type=\"widget\" data-widget_type=\"hub_fancy_heading.default\">\n\t\t\t\t<div class=\"elementor-widget-container\">\n\t\t\t\t\t\n\t\t<div id=\"ld-fancy-heading-69f2857c34855\" class=\"ld-fancy-heading pos-rel\">\n\t\t\t<h6 class=\"ld-fh-element d-inline-block pos-rel  elementor-heading-title lqd-highlight-classic lqd-highlight-grow-left h6\"  > CONTACT<\/h6>\t\t<\/div>\n\n\t\t\t\t\t\t<\/div>\n\t\t\t\t<\/div>\n\t\t\t\t\t<\/div>\n\t\t<\/div>\n\t\t\t\t<div class=\"elementor-column elementor-col-100 elementor-top-column elementor-element elementor-element-3d0a87c6\" data-id=\"3d0a87c6\" data-element_type=\"column\" data-e-type=\"column\">\n\t\t\t<div class=\"elementor-widget-wrap elementor-element-populated\">\n\t\t\t\t\t\t<div class=\"elementor-element elementor-element-02bb643 elementor-widget elementor-widget-hub_fancy_heading\" data-id=\"02bb643\" data-element_type=\"widget\" data-e-type=\"widget\" data-widget_type=\"hub_fancy_heading.default\">\n\t\t\t\t<div class=\"elementor-widget-container\">\n\t\t\t\t\t\n\t\t<div id=\"ld-fancy-heading-69f2857c3527a\" class=\"ld-fancy-heading pos-rel\">\n\t\t\t<h1 class=\"ld-fh-element d-inline-block pos-rel  elementor-heading-title lqd-highlight-classic lqd-highlight-grow-left h1\"  > Avoir un projet<\/h1>\t\t<\/div>\n\n\t\t\t\t\t\t<\/div>\n\t\t\t\t<\/div>\n\t\t\t\t<div class=\"elementor-element elementor-element-cf6fbb2 elementor-widget elementor-widget-hub_fancy_heading\" data-id=\"cf6fbb2\" data-element_type=\"widget\" data-e-type=\"widget\" data-widget_type=\"hub_fancy_heading.default\">\n\t\t\t\t<div class=\"elementor-widget-container\">\n\t\t\t\t\t\n\t\t<div id=\"ld-fancy-heading-69f2857c35ade\" class=\"ld-fancy-heading pos-rel\">\n\t\t\t<h1 class=\"ld-fh-element d-inline-block pos-rel  elementor-heading-title lqd-highlight-classic lqd-highlight-grow-left h1\"  > \u00e0 l'esprit ?<\/h1>\t\t<\/div>\n\n\t\t\t\t\t\t<\/div>\n\t\t\t\t<\/div>\n\t\t\t\t<section class=\"elementor-section elementor-inner-section elementor-element elementor-element-243e09c8 elementor-section-boxed elementor-section-height-default elementor-section-height-default\" data-id=\"243e09c8\" data-element_type=\"section\" data-e-type=\"section\">\n\t\t\t\t\t\t<div class=\"elementor-container elementor-column-gap-default\">\n\t\t\t\t\t<div class=\"elementor-column elementor-col-50 elementor-inner-column elementor-element elementor-element-14270f1c\" data-id=\"14270f1c\" data-element_type=\"column\" data-e-type=\"column\">\n\t\t\t<div class=\"elementor-widget-wrap elementor-element-populated\">\n\t\t\t\t\t\t<div class=\"elementor-element elementor-element-336cb24 elementor-widget elementor-widget-hub_fancy_heading\" data-id=\"336cb24\" data-element_type=\"widget\" data-e-type=\"widget\" data-widget_type=\"hub_fancy_heading.default\">\n\t\t\t\t<div class=\"elementor-widget-container\">\n\t\t\t\t\t\n\t\t<div id=\"ld-fancy-heading-69f2857c3633f\" class=\"ld-fancy-heading pos-rel\">\n\t\t\t<p class=\"ld-fh-element d-inline-block pos-rel  lqd-highlight-classic lqd-highlight-grow-left p\"  > Si vous avez des questions d'ordre g\u00e9n\u00e9ral ou si vous souhaitez en savoir plus sur nos services, n'h\u00e9sitez pas \u00e0 nous contacter.<\/p>\t\t<\/div>\n\n\t\t\t\t\t\t<\/div>\n\t\t\t\t<\/div>\n\t\t\t\t\t<\/div>\n\t\t<\/div>\n\t\t\t\t<div class=\"elementor-column elementor-col-50 elementor-inner-column elementor-element elementor-element-78503532\" data-id=\"78503532\" data-element_type=\"column\" data-e-type=\"column\">\n\t\t\t<div class=\"elementor-widget-wrap elementor-element-populated\">\n\t\t\t\t\t\t<div class=\"elementor-element elementor-element-3aedfb06 elementor-widget elementor-widget-hub_fancy_heading\" data-id=\"3aedfb06\" data-element_type=\"widget\" data-e-type=\"widget\" data-widget_type=\"hub_fancy_heading.default\">\n\t\t\t\t<div class=\"elementor-widget-container\">\n\t\t\t\t\t\n\t\t<div id=\"ld-fancy-heading-69f2857c36b78\" class=\"ld-fancy-heading pos-rel\">\n\t\t\t<p class=\"ld-fh-element d-inline-block pos-rel  lqd-highlight-classic lqd-highlight-grow-left p\"  > Pour demander un devis ou planifier une consultation, veuillez remplir le formulaire ci-dessous. Notre \u00e9quipe examinera vos informations et vous contactera pour fixer un rendez-vous.<\/p>\t\t<\/div>\n\n\t\t\t\t\t\t<\/div>\n\t\t\t\t<\/div>\n\t\t\t\t\t<\/div>\n\t\t<\/div>\n\t\t\t\t\t<\/div>\n\t\t<\/section>\n\t\t\t\t\t<\/div>\n\t\t<\/div>\n\t\t\t\t\t<\/div>\n\t\t<\/section>\n\t\t\t\t<section class=\"elementor-section elementor-top-section elementor-element elementor-element-8bb751b elementor-section-content-middle elementor-section-boxed elementor-section-height-default elementor-section-height-default\" data-id=\"8bb751b\" data-element_type=\"section\" data-e-type=\"section\">\n\t\t\t\t\t\t<div class=\"elementor-container elementor-column-gap-default\">\n\t\t\t\t\t<div class=\"elementor-column elementor-col-100 elementor-top-column elementor-element elementor-element-a6eaf33\" data-id=\"a6eaf33\" data-element_type=\"column\" data-e-type=\"column\">\n\t\t\t<div class=\"elementor-widget-wrap elementor-element-populated\">\n\t\t\t\t\t\t<div class=\"elementor-element elementor-element-7178da3b elementor-widget elementor-widget-ld_cf722\" data-id=\"7178da3b\" data-element_type=\"widget\" data-e-type=\"widget\" data-widget_type=\"ld_cf722.default\">\n\t\t\t\t<div class=\"elementor-widget-container\">\n\t\t\t\t\t\n\t<div class=\"lqd-contact-form lqd-contact-form-inputs-underlined lqd-contact-form-inputs-border-none lqd-contact-form-button-block lqd-contact-form-button-lg lqd-contact-form-inputs-sm\" >\n\t\t\n<div class=\"wpcf7 no-js\" id=\"wpcf7-f10164-o1\" lang=\"fr-FR\" dir=\"ltr\" data-wpcf7-id=\"10164\">\n<div class=\"screen-reader-response\"><p role=\"status\" aria-live=\"polite\" aria-atomic=\"true\"><\/p> <ul><\/ul><\/div>\n<form action=\"\/fr\/wp-json\/wp\/v2\/pages\/10149#wpcf7-f10164-o1\" method=\"post\" class=\"wpcf7-form init\" aria-label=\"Formulaire de contact\" novalidate=\"novalidate\" data-status=\"init\">\n<fieldset class=\"hidden-fields-container\"><input type=\"hidden\" name=\"_wpcf7\" value=\"10164\" \/><input type=\"hidden\" name=\"_wpcf7_version\" value=\"6.1.5\" \/><input type=\"hidden\" name=\"_wpcf7_locale\" value=\"fr_FR\" \/><input type=\"hidden\" name=\"_wpcf7_unit_tag\" value=\"wpcf7-f10164-o1\" \/><input type=\"hidden\" name=\"_wpcf7_container_post\" value=\"0\" \/><input type=\"hidden\" name=\"_wpcf7_posted_data_hash\" value=\"\" \/><input type=\"hidden\" name=\"_wpcf7_recaptcha_response\" value=\"\" \/>\n<\/fieldset>\n<style>\n@media (max-width:991px){.modal-b{border:1px solid #c6c6c6!important}}\n.modal-b{\nborder:1px solid #c6c6c6;\n}\n.modal-bl-n{\nborder-left:none;\n}\n.modal-bb-n{\nborder-bottom:none;\n}\n.modal-p{\npadding:20px 15px 15px;\n}\n.modal-text{\nmargin: 0; color: #4B4B4C; font-size: 14px;\n}\n<\/style>\n<div class=\"row\" style=\"margin: 0;\">\n\t<div class=\"col-md-6 modal-p modal-b modal-bb-n\">\n\t\t<p class=\"modal-text\">Enchant\u00e9 de vous rencontrer\n\t\t<\/p>\n\t\t<p><span class=\"wpcf7-form-control-wrap\" data-name=\"your-name\"><input size=\"40\" maxlength=\"400\" class=\"wpcf7-form-control wpcf7-text wpcf7-validates-as-required\" aria-required=\"true\" aria-invalid=\"false\" placeholder=\"Quel est votre nom ?\" value=\"\" type=\"text\" name=\"your-name\" \/><\/span>\n\t\t<\/p>\n\t<\/div>\n\t<div class=\"col-md-6 modal-p modal-b modal-bb-n modal-bl-n\">\n\t\t<p class=\"modal-text\">Adresse \u00e9lectronique\n\t\t<\/p>\n\t\t<p><span class=\"wpcf7-form-control-wrap\" data-name=\"your-email\"><input size=\"40\" maxlength=\"400\" class=\"wpcf7-form-control wpcf7-email wpcf7-validates-as-required wpcf7-text wpcf7-validates-as-email\" aria-required=\"true\" aria-invalid=\"false\" placeholder=\"Saisissez votre adresse \u00e9lectronique\" value=\"\" type=\"email\" name=\"your-email\" \/><\/span>\n\t\t<\/p>\n\t<\/div>\n\t<div class=\"col-md-6 modal-p modal-b modal-bb-n\">\n\t\t<p class=\"modal-text\">Votre num\u00e9ro de t\u00e9l\u00e9phone\n\t\t<\/p>\n\t\t<p><span class=\"wpcf7-form-control-wrap\" data-name=\"your-tel\"><input size=\"40\" maxlength=\"400\" class=\"wpcf7-form-control wpcf7-tel wpcf7-validates-as-required wpcf7-text wpcf7-validates-as-tel\" aria-required=\"true\" aria-invalid=\"false\" placeholder=\"Nous vous r\u00e9pondrons dans les plus brefs d\u00e9lais !\" value=\"\" type=\"tel\" name=\"your-tel\" \/><\/span>\n\t\t<\/p>\n\t<\/div>\n\t<div class=\"col-md-6 modal-p modal-b modal-bb-n modal-bl-n\">\n\t\t<p class=\"modal-text\">Sujet\n\t\t<\/p>\n\t\t<p><span class=\"wpcf7-form-control-wrap\" data-name=\"your-subject\"><select class=\"wpcf7-form-control wpcf7-select wpcf7-validates-as-required\" aria-required=\"true\" aria-invalid=\"false\" name=\"your-subject\"><option value=\"Comment puis-je vous aider ?\">Comment puis-je vous aider ?<\/option><option value=\"Demande g\u00e9n\u00e9rale\">Demande g\u00e9n\u00e9rale<\/option><option value=\"Demande de devis\">Demande de devis<\/option><option value=\"Planifier une consultation\">Planifier une consultation<\/option><\/select><\/span>\n\t\t<\/p>\n\t<\/div>\n\t<div class=\"col-md-12 modal-p modal-b\">\n\t\t<p class=\"modal-text\">Votre message\n\t\t<\/p>\n\t\t<p><span class=\"wpcf7-form-control-wrap\" data-name=\"your-message\"><textarea cols=\"40\" rows=\"10\" maxlength=\"2000\" class=\"wpcf7-form-control wpcf7-textarea wpcf7-validates-as-required\" aria-required=\"true\" aria-invalid=\"false\" placeholder=\"Faites-nous part de votre projet, nous vous r\u00e9pondrons dans les 48 heures.\" name=\"your-message\"><\/textarea><\/span>\n\t\t<\/p>\n\t<\/div>\n\t<div class=\"col-md-12\" style=\"font-size: 12px; padding: 0; margin: 1.75em 0;\">\n\t\t<p><span class=\"wpcf7-form-control-wrap\" data-name=\"acceptance-860\"><span class=\"wpcf7-form-control wpcf7-acceptance\"><span class=\"wpcf7-list-item\"><label><input type=\"checkbox\" name=\"acceptance-860\" value=\"1\" aria-invalid=\"false\" \/><span class=\"wpcf7-list-item-label\">Je suis li\u00e9 par les conditions du service J'accepte la politique de confidentialit\u00e9<\/span><\/label><\/span><\/span><\/span>\n\t\t<\/p>\n\t<\/div>\n\t<div class=\"col-md-12\" style=\"padding: 0;\">\n\t\t<p><input class=\"wpcf7-form-control wpcf7-submit has-spinner\" type=\"submit\" value=\"Envoyer un message\" \/>\n\t\t<\/p>\n\t<\/div>\n<\/div><div class=\"wpcf7-response-output\" aria-hidden=\"true\"><\/div>\n<\/form>\n<\/div>\n\t<\/div>\n\n\t\t\t\t\t<\/div>\n\t\t\t\t<\/div>\n\t\t\t\t\t<\/div>\n\t\t<\/div>\n\t\t\t\t\t<\/div>\n\t\t<\/section>\n\t\t\t\t<\/div>\n\t\t","protected":false},"excerpt":{"rendered":"<p>CONTACT Avoir un projet \u00e0 l&rsquo;esprit ? Si vous avez des questions d&rsquo;ordre g\u00e9n\u00e9ral ou si vous souhaitez en savoir plus sur nos services, n&rsquo;h\u00e9sitez pas \u00e0 nous contacter. Pour demander un devis ou planifier une consultation, veuillez remplir le formulaire ci-dessous. Notre \u00e9quipe examinera vos informations et vous contactera pour fixer un rendez-vous. Nice [&hellip;]<\/p>\n","protected":false},"author":1,"featured_media":0,"parent":0,"menu_order":0,"comment_status":"closed","ping_status":"closed","template":"","meta":{"footnotes":""},"class_list":["post-10149","page","type-page","status-publish","hentry"],"yoast_head":"<!-- This site is optimized with the Yoast SEO plugin v27.5 - https:\/\/yoast.com\/product\/yoast-seo-wordpress\/ -->\n<title>Vous avez un projet ? Parlons-en.<\/title>\n<meta name=\"description\" content=\"Contactez LJP Renovation d\u00e8s aujourd&#039;hui pour prendre rendez-vous et discuter de vos besoins en mati\u00e8re de r\u00e9novation. \u00c9levons votre espace de vie au niveau sup\u00e9rieur.\" \/>\n<meta name=\"robots\" content=\"index, follow, max-snippet:-1, max-image-preview:large, max-video-preview:-1\" \/>\n<link rel=\"canonical\" href=\"https:\/\/ljprenovation.com\/fr\/contact\/\" \/>\n<meta property=\"og:locale\" content=\"fr_FR\" \/>\n<meta property=\"og:type\" content=\"article\" \/>\n<meta property=\"og:title\" content=\"Vous avez un projet ? Parlons-en.\" \/>\n<meta property=\"og:description\" content=\"Contactez LJP Renovation d\u00e8s aujourd&#039;hui pour prendre rendez-vous et discuter de vos besoins en mati\u00e8re de r\u00e9novation. \u00c9levons votre espace de vie au niveau sup\u00e9rieur.\" \/>\n<meta property=\"og:url\" content=\"https:\/\/ljprenovation.com\/fr\/contact\/\" \/>\n<meta property=\"og:site_name\" content=\"R\u00e9novation de la LJP\" \/>\n<meta property=\"article:modified_time\" content=\"2025-02-17T17:44:18+00:00\" \/>\n<meta name=\"twitter:card\" content=\"summary_large_image\" \/>\n<script type=\"application\/ld+json\" class=\"yoast-schema-graph\">{\"@context\":\"https:\\\/\\\/schema.org\",\"@graph\":[{\"@type\":\"WebPage\",\"@id\":\"https:\\\/\\\/ljprenovation.com\\\/fr\\\/contact\\\/\",\"url\":\"https:\\\/\\\/ljprenovation.com\\\/fr\\\/contact\\\/\",\"name\":\"Vous avez un projet ? Parlons-en.\",\"isPartOf\":{\"@id\":\"https:\\\/\\\/ljprenovation.com\\\/fr\\\/#website\"},\"datePublished\":\"2022-04-07T17:27:25+00:00\",\"dateModified\":\"2025-02-17T17:44:18+00:00\",\"description\":\"Contactez LJP Renovation d\u00e8s aujourd'hui pour prendre rendez-vous et discuter de vos besoins en mati\u00e8re de r\u00e9novation. \u00c9levons votre espace de vie au niveau sup\u00e9rieur.\",\"breadcrumb\":{\"@id\":\"https:\\\/\\\/ljprenovation.com\\\/fr\\\/contact\\\/#breadcrumb\"},\"inLanguage\":\"fr-FR\",\"potentialAction\":[{\"@type\":\"ReadAction\",\"target\":[\"https:\\\/\\\/ljprenovation.com\\\/fr\\\/contact\\\/\"]}]},{\"@type\":\"BreadcrumbList\",\"@id\":\"https:\\\/\\\/ljprenovation.com\\\/fr\\\/contact\\\/#breadcrumb\",\"itemListElement\":[{\"@type\":\"ListItem\",\"position\":1,\"name\":\"Accueil\",\"item\":\"https:\\\/\\\/ljprenovation.com\\\/fr\\\/\"},{\"@type\":\"ListItem\",\"position\":2,\"name\":\"Contact\"}]},{\"@type\":\"WebSite\",\"@id\":\"https:\\\/\\\/ljprenovation.com\\\/fr\\\/#website\",\"url\":\"https:\\\/\\\/ljprenovation.com\\\/fr\\\/\",\"name\":\"LJP Renovation - Full-Service Renovation Studio\",\"description\":\"Faites l'exp\u00e9rience de la diff\u00e9rence\",\"publisher\":{\"@id\":\"https:\\\/\\\/ljprenovation.com\\\/fr\\\/#organization\"},\"potentialAction\":[{\"@type\":\"SearchAction\",\"target\":{\"@type\":\"EntryPoint\",\"urlTemplate\":\"https:\\\/\\\/ljprenovation.com\\\/fr\\\/?s={search_term_string}\"},\"query-input\":{\"@type\":\"PropertyValueSpecification\",\"valueRequired\":true,\"valueName\":\"search_term_string\"}}],\"inLanguage\":\"fr-FR\"},{\"@type\":\"Organization\",\"@id\":\"https:\\\/\\\/ljprenovation.com\\\/fr\\\/#organization\",\"name\":\"R\u00e9novation de la LJP\",\"url\":\"https:\\\/\\\/ljprenovation.com\\\/fr\\\/\",\"logo\":{\"@type\":\"ImageObject\",\"inLanguage\":\"fr-FR\",\"@id\":\"https:\\\/\\\/ljprenovation.com\\\/fr\\\/#\\\/schema\\\/logo\\\/image\\\/\",\"url\":\"https:\\\/\\\/ljprenovation.com\\\/wp-content\\\/uploads\\\/2022\\\/03\\\/Logo-Dark-1-e1672231778652.png\",\"contentUrl\":\"https:\\\/\\\/ljprenovation.com\\\/wp-content\\\/uploads\\\/2022\\\/03\\\/Logo-Dark-1-e1672231778652.png\",\"width\":3656,\"height\":2260,\"caption\":\"R\u00e9novation de la LJP\"},\"image\":{\"@id\":\"https:\\\/\\\/ljprenovation.com\\\/fr\\\/#\\\/schema\\\/logo\\\/image\\\/\"}}]}<\/script>\n<!-- \/ Yoast SEO plugin. -->","yoast_head_json":{"title":"Vous avez un projet ? Parlons-en.","description":"Contactez LJP Renovation d\u00e8s aujourd'hui pour prendre rendez-vous et discuter de vos besoins en mati\u00e8re de r\u00e9novation. \u00c9levons votre espace de vie au niveau sup\u00e9rieur.","robots":{"index":"index","follow":"follow","max-snippet":"max-snippet:-1","max-image-preview":"max-image-preview:large","max-video-preview":"max-video-preview:-1"},"canonical":"https:\/\/ljprenovation.com\/fr\/contact\/","og_locale":"fr_FR","og_type":"article","og_title":"Vous avez un projet ? Parlons-en.","og_description":"Contactez LJP Renovation d\u00e8s aujourd'hui pour prendre rendez-vous et discuter de vos besoins en mati\u00e8re de r\u00e9novation. \u00c9levons votre espace de vie au niveau sup\u00e9rieur.","og_url":"https:\/\/ljprenovation.com\/fr\/contact\/","og_site_name":"R\u00e9novation de la LJP","article_modified_time":"2025-02-17T17:44:18+00:00","twitter_card":"summary_large_image","schema":{"@context":"https:\/\/schema.org","@graph":[{"@type":"WebPage","@id":"https:\/\/ljprenovation.com\/fr\/contact\/","url":"https:\/\/ljprenovation.com\/fr\/contact\/","name":"Vous avez un projet ? Parlons-en.","isPartOf":{"@id":"https:\/\/ljprenovation.com\/fr\/#website"},"datePublished":"2022-04-07T17:27:25+00:00","dateModified":"2025-02-17T17:44:18+00:00","description":"Contactez LJP Renovation d\u00e8s aujourd'hui pour prendre rendez-vous et discuter de vos besoins en mati\u00e8re de r\u00e9novation. \u00c9levons votre espace de vie au niveau sup\u00e9rieur.","breadcrumb":{"@id":"https:\/\/ljprenovation.com\/fr\/contact\/#breadcrumb"},"inLanguage":"fr-FR","potentialAction":[{"@type":"ReadAction","target":["https:\/\/ljprenovation.com\/fr\/contact\/"]}]},{"@type":"BreadcrumbList","@id":"https:\/\/ljprenovation.com\/fr\/contact\/#breadcrumb","itemListElement":[{"@type":"ListItem","position":1,"name":"Accueil","item":"https:\/\/ljprenovation.com\/fr\/"},{"@type":"ListItem","position":2,"name":"Contact"}]},{"@type":"WebSite","@id":"https:\/\/ljprenovation.com\/fr\/#website","url":"https:\/\/ljprenovation.com\/fr\/","name":"LJP Renovation - Full-Service Renovation Studio","description":"Faites l'exp\u00e9rience de la diff\u00e9rence","publisher":{"@id":"https:\/\/ljprenovation.com\/fr\/#organization"},"potentialAction":[{"@type":"SearchAction","target":{"@type":"EntryPoint","urlTemplate":"https:\/\/ljprenovation.com\/fr\/?s={search_term_string}"},"query-input":{"@type":"PropertyValueSpecification","valueRequired":true,"valueName":"search_term_string"}}],"inLanguage":"fr-FR"},{"@type":"Organization","@id":"https:\/\/ljprenovation.com\/fr\/#organization","name":"R\u00e9novation de la LJP","url":"https:\/\/ljprenovation.com\/fr\/","logo":{"@type":"ImageObject","inLanguage":"fr-FR","@id":"https:\/\/ljprenovation.com\/fr\/#\/schema\/logo\/image\/","url":"https:\/\/ljprenovation.com\/wp-content\/uploads\/2022\/03\/Logo-Dark-1-e1672231778652.png","contentUrl":"https:\/\/ljprenovation.com\/wp-content\/uploads\/2022\/03\/Logo-Dark-1-e1672231778652.png","width":3656,"height":2260,"caption":"R\u00e9novation de la LJP"},"image":{"@id":"https:\/\/ljprenovation.com\/fr\/#\/schema\/logo\/image\/"}}]}},"_links":{"self":[{"href":"https:\/\/ljprenovation.com\/fr\/wp-json\/wp\/v2\/pages\/10149","targetHints":{"allow":["GET"]}}],"collection":[{"href":"https:\/\/ljprenovation.com\/fr\/wp-json\/wp\/v2\/pages"}],"about":[{"href":"https:\/\/ljprenovation.com\/fr\/wp-json\/wp\/v2\/types\/page"}],"author":[{"embeddable":true,"href":"https:\/\/ljprenovation.com\/fr\/wp-json\/wp\/v2\/users\/1"}],"replies":[{"embeddable":true,"href":"https:\/\/ljprenovation.com\/fr\/wp-json\/wp\/v2\/comments?post=10149"}],"version-history":[{"count":1,"href":"https:\/\/ljprenovation.com\/fr\/wp-json\/wp\/v2\/pages\/10149\/revisions"}],"predecessor-version":[{"id":10150,"href":"https:\/\/ljprenovation.com\/fr\/wp-json\/wp\/v2\/pages\/10149\/revisions\/10150"}],"wp:attachment":[{"href":"https:\/\/ljprenovation.com\/fr\/wp-json\/wp\/v2\/media?parent=10149"}],"curies":[{"name":"wp","href":"https:\/\/api.w.org\/{rel}","templated":true}]}}